{"id":268,"date":"2025-12-15T13:22:06","date_gmt":"2025-12-15T13:22:06","guid":{"rendered":"http:\/\/sindicatossra.com.ar\/?page_id=268"},"modified":"2026-01-12T20:27:51","modified_gmt":"2026-01-12T20:27:51","slug":"blog","status":"publish","type":"page","link":"https:\/\/sindicatossra.com.ar\/?page_id=268","title":{"rendered":"Blog"},"content":{"rendered":"\t\t<div data-elementor-type=\"wp-page\" data-elementor-id=\"268\" class=\"elementor elementor-268\" data-elementor-post-type=\"page\">\n\t\t\t\t<div class=\"elementor-element elementor-element-298ca0a e-con-full e-flex e-con e-parent\" data-id=\"298ca0a\" data-element_type=\"container\" data-settings=\"{&quot;background_background&quot;:&quot;classic&quot;}\">\n\t\t\t\t<div class=\"elementor-element elementor-element-1cda750 elementor-widget__width-initial elementor-widget elementor-widget-image\" data-id=\"1cda750\" data-element_type=\"widget\" data-widget_type=\"image.default\">\n\t\t\t\t\t\t\t\t\t\t\t\t\t\t\t\t<a href=\"https:\/\/sindicatossra.com.ar\/\">\n\t\t\t\t\t\t\t<img fetchpriority=\"high\" decoding=\"async\" width=\"425\" height=\"422\" src=\"https:\/\/sindicatossra.com.ar\/wp-content\/uploads\/2026\/01\/logo-sindicato-blanco.png\" class=\"attachment-large size-large wp-image-550\" alt=\"\" srcset=\"https:\/\/sindicatossra.com.ar\/wp-content\/uploads\/2026\/01\/logo-sindicato-blanco.png 425w, https:\/\/sindicatossra.com.ar\/wp-content\/uploads\/2026\/01\/logo-sindicato-blanco-300x298.png 300w, https:\/\/sindicatossra.com.ar\/wp-content\/uploads\/2026\/01\/logo-sindicato-blanco-150x150.png 150w\" sizes=\"(max-width: 425px) 100vw, 425px\" \/>\t\t\t\t\t\t\t\t<\/a>\n\t\t\t\t\t\t\t\t\t\t\t\t\t\t\t<\/div>\n\t\t\t\t<div class=\"elementor-element elementor-element-5203cf0 elementor-widget elementor-widget-heading\" data-id=\"5203cf0\" data-element_type=\"widget\" data-widget_type=\"heading.default\">\n\t\t\t\t\t<h2 class=\"elementor-heading-title elementor-size-default\">Blog<\/h2>\t\t\t\t<\/div>\n\t\t\t\t<\/div>\n\t\t<div class=\"elementor-element elementor-element-90255d2 e-flex e-con-boxed e-con e-parent\" data-id=\"90255d2\" data-element_type=\"container\">\n\t\t\t\t\t<div class=\"e-con-inner\">\n\t\t<div class=\"elementor-element elementor-element-19dcffb e-con-full e-flex e-con e-child\" data-id=\"19dcffb\" data-element_type=\"container\">\n\t\t\t\t<div class=\"elementor-element elementor-element-199ecc5 elementor-widget elementor-widget-wp-widget-categories\" data-id=\"199ecc5\" data-element_type=\"widget\" data-widget_type=\"wp-widget-categories.default\">\n\t\t\t\t<div class=\"elementor-widget-container\">\n\t\t\t\t\t<h5>Categories<\/h5><nav aria-label=\"Categories\">\n\t\t\t<ul>\n\t\t\t\t\t<li class=\"cat-item cat-item-1\"><a href=\"https:\/\/sindicatossra.com.ar\/?cat=1\">Uncategorized<\/a>\n<\/li>\n\t\t\t<\/ul>\n\n\t\t\t<\/nav>\t\t\t\t<\/div>\n\t\t\t\t<\/div>\n\t\t\t\t<\/div>\n\t\t<div class=\"elementor-element elementor-element-5bc0b3a e-con-full e-flex e-con e-child\" data-id=\"5bc0b3a\" data-element_type=\"container\">\n\t\t\t\t<div class=\"elementor-element elementor-element-8a00f12 elementor-grid-3 elementor-grid-tablet-2 elementor-grid-mobile-1 elementor-posts--thumbnail-top elementor-card-shadow-yes elementor-posts__hover-gradient elementor-widget elementor-widget-posts\" data-id=\"8a00f12\" data-element_type=\"widget\" data-settings=\"{&quot;cards_columns&quot;:&quot;3&quot;,&quot;cards_columns_tablet&quot;:&quot;2&quot;,&quot;cards_columns_mobile&quot;:&quot;1&quot;,&quot;cards_row_gap&quot;:{&quot;unit&quot;:&quot;px&quot;,&quot;size&quot;:35,&quot;sizes&quot;:[]},&quot;cards_row_gap_tablet&quot;:{&quot;unit&quot;:&quot;px&quot;,&quot;size&quot;:&quot;&quot;,&quot;sizes&quot;:[]},&quot;cards_row_gap_mobile&quot;:{&quot;unit&quot;:&quot;px&quot;,&quot;size&quot;:&quot;&quot;,&quot;sizes&quot;:[]}}\" data-widget_type=\"posts.cards\">\n\t\t\t\t<div class=\"elementor-widget-container\">\n\t\t\t\t\t\t\t<div class=\"elementor-posts-container elementor-posts elementor-posts--skin-cards elementor-grid\" role=\"list\">\n\t\t\t\t<article class=\"elementor-post elementor-grid-item post-160 post type-post status-publish format-standard has-post-thumbnail hentry category-uncategorized\" role=\"listitem\">\n\t\t\t<div class=\"elementor-post__card\">\n\t\t\t\t<a class=\"elementor-post__thumbnail__link\" href=\"https:\/\/sindicatossra.com.ar\/?p=160\" tabindex=\"-1\" ><div class=\"elementor-post__thumbnail\"><img decoding=\"async\" width=\"300\" height=\"166\" src=\"https:\/\/sindicatossra.com.ar\/wp-content\/uploads\/2026\/01\/Foto-03-300x166.jpg\" class=\"attachment-medium size-medium wp-image-688\" alt=\"\" srcset=\"https:\/\/sindicatossra.com.ar\/wp-content\/uploads\/2026\/01\/Foto-03-300x166.jpg 300w, https:\/\/sindicatossra.com.ar\/wp-content\/uploads\/2026\/01\/Foto-03.jpg 502w\" sizes=\"(max-width: 300px) 100vw, 300px\" \/><\/div><\/a>\n\t\t\t\t<div class=\"elementor-post__badge\">Uncategorized<\/div>\n\t\t\t\t<div class=\"elementor-post__text\">\n\t\t\t\t<h3 class=\"elementor-post__title\">\n\t\t\t<a href=\"https:\/\/sindicatossra.com.ar\/?p=160\" >\n\t\t\t\tEl rol del sindicato en la defensa del trabajador de seguridad\t\t\t<\/a>\n\t\t<\/h3>\n\t\t\t\t<div class=\"elementor-post__excerpt\">\n\t\t\t<p>El sindicato cumple un papel fundamental en la protecci\u00f3n de los derechos laborales de los trabajadores de seguridad privada.<\/p>\n\t\t<\/div>\n\t\t\n\t\t<a class=\"elementor-post__read-more\" href=\"https:\/\/sindicatossra.com.ar\/?p=160\" aria-label=\"Read more about El rol del sindicato en la defensa del trabajador de seguridad\" tabindex=\"-1\" >\n\t\t\tRead More \u00bb\t\t<\/a>\n\n\t\t\t\t<\/div>\n\t\t\t\t<div class=\"elementor-post__meta-data\">\n\t\t\t\t\t<span class=\"elementor-post-date\">\n\t\t\tDecember 12, 2025\t\t<\/span>\n\t\t\t\t<span class=\"elementor-post-avatar\">\n\t\t\tNo Comments\t\t<\/span>\n\t\t\t\t<\/div>\n\t\t\t\t\t<\/div>\n\t\t<\/article>\n\t\t\t\t<article class=\"elementor-post elementor-grid-item post-157 post type-post status-publish format-standard has-post-thumbnail hentry category-uncategorized\" role=\"listitem\">\n\t\t\t<div class=\"elementor-post__card\">\n\t\t\t\t<a class=\"elementor-post__thumbnail__link\" href=\"https:\/\/sindicatossra.com.ar\/?p=157\" tabindex=\"-1\" ><div class=\"elementor-post__thumbnail\"><img decoding=\"async\" width=\"300\" height=\"212\" src=\"https:\/\/sindicatossra.com.ar\/wp-content\/uploads\/2026\/01\/Foto-08-300x212.jpg\" class=\"attachment-medium size-medium wp-image-578\" alt=\"\" srcset=\"https:\/\/sindicatossra.com.ar\/wp-content\/uploads\/2026\/01\/Foto-08-300x212.jpg 300w, https:\/\/sindicatossra.com.ar\/wp-content\/uploads\/2026\/01\/Foto-08.jpg 495w\" sizes=\"(max-width: 300px) 100vw, 300px\" \/><\/div><\/a>\n\t\t\t\t<div class=\"elementor-post__badge\">Uncategorized<\/div>\n\t\t\t\t<div class=\"elementor-post__text\">\n\t\t\t\t<h3 class=\"elementor-post__title\">\n\t\t\t<a href=\"https:\/\/sindicatossra.com.ar\/?p=157\" >\n\t\t\t\tBeneficios para afiliados: un respaldo que va m\u00e1s all\u00e1 del trabajo\t\t\t<\/a>\n\t\t<\/h3>\n\t\t\t\t<div class=\"elementor-post__excerpt\">\n\t\t\t<p>La afiliaci\u00f3n fortalece la representaci\u00f3n colectiva y brinda respaldo ante situaciones laborales complejas.<\/p>\n\t\t<\/div>\n\t\t\n\t\t<a class=\"elementor-post__read-more\" href=\"https:\/\/sindicatossra.com.ar\/?p=157\" aria-label=\"Read more about Beneficios para afiliados: un respaldo que va m\u00e1s all\u00e1 del trabajo\" tabindex=\"-1\" >\n\t\t\tRead More \u00bb\t\t<\/a>\n\n\t\t\t\t<\/div>\n\t\t\t\t<div class=\"elementor-post__meta-data\">\n\t\t\t\t\t<span class=\"elementor-post-date\">\n\t\t\tDecember 12, 2025\t\t<\/span>\n\t\t\t\t<span class=\"elementor-post-avatar\">\n\t\t\tNo Comments\t\t<\/span>\n\t\t\t\t<\/div>\n\t\t\t\t\t<\/div>\n\t\t<\/article>\n\t\t\t\t<article class=\"elementor-post elementor-grid-item post-154 post type-post status-publish format-standard has-post-thumbnail hentry category-uncategorized\" role=\"listitem\">\n\t\t\t<div class=\"elementor-post__card\">\n\t\t\t\t<a class=\"elementor-post__thumbnail__link\" href=\"https:\/\/sindicatossra.com.ar\/?p=154\" tabindex=\"-1\" ><div class=\"elementor-post__thumbnail\"><img loading=\"lazy\" decoding=\"async\" width=\"300\" height=\"226\" src=\"https:\/\/sindicatossra.com.ar\/wp-content\/uploads\/2025\/12\/Foto-01-1-300x226.jpg\" class=\"attachment-medium size-medium wp-image-673\" alt=\"\" srcset=\"https:\/\/sindicatossra.com.ar\/wp-content\/uploads\/2025\/12\/Foto-01-1-300x226.jpg 300w, https:\/\/sindicatossra.com.ar\/wp-content\/uploads\/2025\/12\/Foto-01-1.jpg 550w\" sizes=\"(max-width: 300px) 100vw, 300px\" \/><\/div><\/a>\n\t\t\t\t<div class=\"elementor-post__badge\">Uncategorized<\/div>\n\t\t\t\t<div class=\"elementor-post__text\">\n\t\t\t\t<h3 class=\"elementor-post__title\">\n\t\t\t<a href=\"https:\/\/sindicatossra.com.ar\/?p=154\" >\n\t\t\t\tAfiliaci\u00f3n sindical: por qu\u00e9 es importante estar representado\t\t\t<\/a>\n\t\t<\/h3>\n\t\t\t\t<div class=\"elementor-post__excerpt\">\n\t\t\t<p>Formar parte de un sindicato permite a los trabajadores de seguridad contar con representaci\u00f3n, informaci\u00f3n y apoyo permanente. La afiliaci\u00f3n no solo protege derechos individuales,<\/p>\n\t\t<\/div>\n\t\t\n\t\t<a class=\"elementor-post__read-more\" href=\"https:\/\/sindicatossra.com.ar\/?p=154\" aria-label=\"Read more about Afiliaci\u00f3n sindical: por qu\u00e9 es importante estar representado\" tabindex=\"-1\" >\n\t\t\tRead More \u00bb\t\t<\/a>\n\n\t\t\t\t<\/div>\n\t\t\t\t<div class=\"elementor-post__meta-data\">\n\t\t\t\t\t<span class=\"elementor-post-date\">\n\t\t\tDecember 12, 2025\t\t<\/span>\n\t\t\t\t<span class=\"elementor-post-avatar\">\n\t\t\tNo Comments\t\t<\/span>\n\t\t\t\t<\/div>\n\t\t\t\t\t<\/div>\n\t\t<\/article>\n\t\t\t\t<\/div>\n\t\t\n\t\t\t\t\t\t<\/div>\n\t\t\t\t<\/div>\n\t\t\t\t<\/div>\n\t\t\t\t\t<\/div>\n\t\t\t\t<\/div>\n\t\t\t\t<\/div>\n\t\t","protected":false},"excerpt":{"rendered":"<p>Blog<\/p>\n","protected":false},"author":1,"featured_media":15,"parent":0,"menu_order":0,"comment_status":"closed","ping_status":"closed","template":"","meta":{"footnotes":""},"class_list":["post-268","page","type-page","status-publish","has-post-thumbnail","hentry"],"_links":{"self":[{"href":"https:\/\/sindicatossra.com.ar\/index.php?rest_route=\/wp\/v2\/pages\/268","targetHints":{"allow":["GET"]}}],"collection":[{"href":"https:\/\/sindicatossra.com.ar\/index.php?rest_route=\/wp\/v2\/pages"}],"about":[{"href":"https:\/\/sindicatossra.com.ar\/index.php?rest_route=\/wp\/v2\/types\/page"}],"author":[{"embeddable":true,"href":"https:\/\/sindicatossra.com.ar\/index.php?rest_route=\/wp\/v2\/users\/1"}],"replies":[{"embeddable":true,"href":"https:\/\/sindicatossra.com.ar\/index.php?rest_route=%2Fwp%2Fv2%2Fcomments&post=268"}],"version-history":[{"count":31,"href":"https:\/\/sindicatossra.com.ar\/index.php?rest_route=\/wp\/v2\/pages\/268\/revisions"}],"predecessor-version":[{"id":917,"href":"https:\/\/sindicatossra.com.ar\/index.php?rest_route=\/wp\/v2\/pages\/268\/revisions\/917"}],"wp:featuredmedia":[{"embeddable":true,"href":"https:\/\/sindicatossra.com.ar\/index.php?rest_route=\/wp\/v2\/media\/15"}],"wp:attachment":[{"href":"https:\/\/sindicatossra.com.ar\/index.php?rest_route=%2Fwp%2Fv2%2Fmedia&parent=268"}],"curies":[{"name":"wp","href":"https:\/\/api.w.org\/{rel}","templated":true}]}}